{"id":1132,"date":"2012-11-19T10:29:48","date_gmt":"2012-11-19T08:29:48","guid":{"rendered":"http:\/\/www.cjpbacau.ro\/?page_id=1132"},"modified":"2014-03-20T08:07:35","modified_gmt":"2014-03-20T06:07:35","slug":"activitatea-de-prevenire","status":"publish","type":"page","link":"https:\/\/www.cjpbacau.ro\/?page_id=1132","title":{"rendered":"Activitatea de prevenire a accidentelor de munca si bolilor profesionale"},"content":{"rendered":"<p>Casa Jude\u0163ean\u0103 de Pensii Bacau, \u00een calitate de asigur\u0103tor AMBP si in conformitate cu prevederile Legii nr. 346\/2002 privind asigurarea pentru accidente de munc\u0103 \u015fi boli profesionale, cu modific\u0103rile \u015fi complet\u0103rile ulterioare \u015fi ale Ordinului nr. 450\/2006 pentru aprobarea Normelor metodologice de aplicare a Legii nr. 346\/2002, este abilitat\u0103 de a acorda consultan\u0163\u0103 privind prevenirea accidentelor de munc\u0103 \u015fi a bolilor profesionale, \u00een scopul \u00eembun\u0103t\u0103\u0163irii nivelului de securitate \u015fi s\u0103n\u0103tate \u015fi a condi\u0163iilor de munc\u0103.<\/p>\n<p>In acest sens, \u00een conformitate cu art. 64 din Legea nr. 346\/2002, personalul tehnic al compartimentului AMBP, desf\u0103\u015foar\u0103 activit\u0103\u0163i de prevenire, acord\u0103 sprijin societ\u0103\u0163iilor comerciale, \u00een scopul \u00eentocmirii tablourilor de analiz\u0103 \u00een domeniul prevenirii AMBP conform specificului activit\u0103\u0163ilor desfasurate de angajator.<br \/>\nArt. 63 din Legea nr. 346\/2002, precizeaza ca activitatea de consiliere din partea asigur\u0103torului, nu implic\u0103 costuri pentru angajator \u015fi nu implic\u0103 r\u0103spunderea juridic\u0103 \u015fi financiar\u0103 a Casei Judeteane de Pensii Bacau.<br \/>\nRezultatele analizei \u00een domeniul prevenirii AMBP au un caracter confiden\u0163ial \u015fi pot fi utilizate \u00een func\u0163ie de priorit\u0103\u0163ile angajatorului \u00een scopul \u00eembun\u0103t\u0103\u0163irii condi\u0163iilor de munc\u0103.<\/p>\n<p>Compartimentul AMBP (accidente de munca si boli profesionale) din cadrul CJP Bacau, desf\u0103\u015foar\u0103 activitatea de prevenire. \u00een func\u0163ie de priorit\u0103\u0163ile specifice structurii economice \u015fi administrative a jude\u0163ului Bacau.<\/p>\n<p>Activitatea de consiliere in domeniul prevenirii accidentelor de munca si bolilor profesionale se desf\u0103\u015foar\u0103 la sediul\/ punctele de lucru ale angajatorilor,parcurgand urm\u0103toarele etape:<\/p>\n<p>1. Programarea si preg\u0103tirea vizitelor la angajatori:<br \/>\n1.1. contactarea angajatorilor prin adresa scrisa, prin care se solicit\u0103 acordul \u00een scris al acestora \u015fi programarea vizitelor, \u00een scopul derul\u0103rii activit\u0103\u0163ilor de consiliere \u00een vederea prevenirii;<br \/>\n1.2. efectuarea vizitei pentru informarea angajatorilor asupra func\u0163ionarii sistemului de asigurare pentru accidednte de munca \u015fi boli profesionale, precum si stabilirea de comun acord cu angajatorul a unui program de vizite ,in scopul consilierii in domeniul prevenirii accidentelor de munca si bolilor profesionale<br \/>\n1.3. derularea activit\u0103\u0163ii in sine de prevenire la angajatori:<br \/>\n&#8211; prezentarea de c\u0103tre angajator (reprezentant desemnat) a activit\u0103\u0163ii de produc\u0163ie ,a fluxului tehnologic al activit\u0103\u0163ii principale si al activit\u0103\u0163ilor complementare .<br \/>\n&#8211; parcurgerea fluxului tehnologic si identificarea posturilor de lucru care au inregistrat accidente de munca si boli profesionale sau care prezint\u0103 risc ridicat de producere a accidentelor de munca si a bolilor profesionale.<br \/>\n&#8211; analiza posturilor de lucru respective si identificarea riscurilor care au produs sau pot produce accidente de munca si boli profesionale<\/p>\n<p>2. Intocmirea raportului c\u0103tre angajator:<br \/>\n2.1. analiza din punct de vedere. tehnic si organizational al fluxului de produc\u0163ie tinand cont de modul de aplicare al legisla\u0163iei privind SSM.<br \/>\n2.2. analiza riscurilor identificate la fiecare post de lucru, pe cele patru componente ale sistemului de munca. ( executant,\u00a0 mijloace de productie ,\u00a0 sarcina de munca,\u00a0 mediul de munca).<br \/>\n2.3.intocmirea tablourilor de prevenire pentru fiecare post de lucru analizat.<\/p>\n<p>3. Prezentarea raportului c\u0103tre angajator :<br \/>\n3.1. evaluarea eficacit\u0103\u0163ii m\u0103surilor de prevenire \u015fi de securitate existente<br \/>\n3.2. prezentarea m\u0103surilor de prevenire recomandate<br \/>\n3.3. consilierea angajatorului privind importan\u0163a implement\u0103rii m\u0103surilor de prevenire;<br \/>\n3.4. predarea unui exemplar al Tabloului de prevenire pe post de lucru dup\u0103 \u00eenregistrarea acestuia la angajator<br \/>\n3.5. urm\u0103rirea implement\u0103rii masurilor recomandate la vizitele anterioare<\/p>\n","protected":false},"excerpt":{"rendered":"<p>Casa Jude\u0163ean\u0103 de Pensii Bacau, \u00een calitate de asigur\u0103tor AMBP si in conformitate cu prevederile Legii nr. 346\/2002 privind asigurarea pentru accidente de munc\u0103 \u015fi boli profesionale, cu modific\u0103rile \u015fi complet\u0103rile ulterioare \u015fi ale Ordinului nr. 450\/2006 pentru aprobarea Normelor &hellip; <a href=\"https:\/\/www.cjpbacau.ro\/?page_id=1132\">Continue reading <span class=\"meta-nav\">&rarr;<\/span><\/a><\/p>\n","protected":false},"author":1,"featured_media":0,"parent":0,"menu_order":0,"comment_status":"closed","ping_status":"closed","template":"sidebar-page.php","meta":{"vkexunit_cta_each_option":"","footnotes":""},"class_list":["post-1132","page","type-page","status-publish","hentry"],"_links":{"self":[{"href":"https:\/\/www.cjpbacau.ro\/index.php?rest_route=\/wp\/v2\/pages\/1132","targetHints":{"allow":["GET"]}}],"collection":[{"href":"https:\/\/www.cjpbacau.ro\/index.php?rest_route=\/wp\/v2\/pages"}],"about":[{"href":"https:\/\/www.cjpbacau.ro\/index.php?rest_route=\/wp\/v2\/types\/page"}],"author":[{"embeddable":true,"href":"https:\/\/www.cjpbacau.ro\/index.php?rest_route=\/wp\/v2\/users\/1"}],"replies":[{"embeddable":true,"href":"https:\/\/www.cjpbacau.ro\/index.php?rest_route=%2Fwp%2Fv2%2Fcomments&post=1132"}],"version-history":[{"count":8,"href":"https:\/\/www.cjpbacau.ro\/index.php?rest_route=\/wp\/v2\/pages\/1132\/revisions"}],"predecessor-version":[{"id":1134,"href":"https:\/\/www.cjpbacau.ro\/index.php?rest_route=\/wp\/v2\/pages\/1132\/revisions\/1134"}],"wp:attachment":[{"href":"https:\/\/www.cjpbacau.ro\/index.php?rest_route=%2Fwp%2Fv2%2Fmedia&parent=1132"}],"curies":[{"name":"wp","href":"https:\/\/api.w.org\/{rel}","templated":true}]}}