{"id":1139,"date":"2012-11-19T10:34:38","date_gmt":"2012-11-19T08:34:38","guid":{"rendered":"http:\/\/www.cjpbacau.ro\/?page_id=1139"},"modified":"2018-03-13T11:07:43","modified_gmt":"2018-03-13T09:07:43","slug":"comunicarea-evenimentelor-la-asigurator","status":"publish","type":"page","link":"https:\/\/www.cjpbacau.ro\/?page_id=1139","title":{"rendered":"Comunicarea evenimentelor la asigurator"},"content":{"rendered":"<p>In conformitate cu prevederile din Legea 346 \/2002, modificata si completata si a Ordinului450\/2006 actualizat, angajatorii au obliga\u0163ia de a comunica la asigur\u0103torul AMBP\u00a0 toate evenimentele a caror victime sunt asigurati ai sistemului AMBP de \u00eendat\u0103 ce angajatorul a luat cuno\u015ftin\u0163\u0103 de producerea lor.<\/p>\n<p>Comunicarea evenimentelor urmate de incapacitate temporar\u0103 de munc\u0103, invaliditate sau deces, al c\u0103ror caracter de munc\u0103 a fost confirmat, se face obligatoriu de angajator c\u0103tre casa teritorial\u0103 de pensii pe raza c\u0103reia s-a produs evenimentul, precum \u015fi c\u0103tre casa teritorial\u0103 de pensii pe raza c\u0103reia angajatorul \u00ee\u015fi are sediul social<br \/>\nIn conformitate cu prevederile : art. 50 din L 346\/2002 si art.84 din ORD.450\/2006,coroborate cu art.27 si art. 32 din Legea 319\/2006 si cu art. 132 si art 140, din H.G. 1425\/2006, angajatorii au obliga\u0163ia sa depun\u0103 la asiguratorul AMBP, urm\u0103toarele documente:<br \/>\n1. Procesul- verbal de cercetare al accidentului de munca, original.<br \/>\n2. F.I.A.M-ul avizat de Inspectoratul Teritorial de Munca, copie conf. cu originalul.<br \/>\n3. Adresa de avizare a dosarului de cercetare, emisa de inspectoratul teritorial de munca, copie conform cu originalul.<\/p>\n<p>Angajatorii care au sediul social pe raza altor jude\u0163e, vor depune certificatele medicale, pentru a fi vizate, la casele teritoriale de pensii din jude\u0163ul respectiv.<\/p>\n","protected":false},"excerpt":{"rendered":"<p>In conformitate cu prevederile din Legea 346 \/2002, modificata si completata si a Ordinului450\/2006 actualizat, angajatorii au obliga\u0163ia de a comunica la asigur\u0103torul AMBP\u00a0 toate evenimentele a caror victime sunt asigurati ai sistemului AMBP de \u00eendat\u0103 ce angajatorul a luat &hellip; <a href=\"https:\/\/www.cjpbacau.ro\/?page_id=1139\">Continue reading <span class=\"meta-nav\">&rarr;<\/span><\/a><\/p>\n","protected":false},"author":1,"featured_media":0,"parent":0,"menu_order":0,"comment_status":"closed","ping_status":"open","template":"sidebar-page.php","meta":{"vkexunit_cta_each_option":"","footnotes":""},"class_list":["post-1139","page","type-page","status-publish","hentry"],"_links":{"self":[{"href":"https:\/\/www.cjpbacau.ro\/index.php?rest_route=\/wp\/v2\/pages\/1139","targetHints":{"allow":["GET"]}}],"collection":[{"href":"https:\/\/www.cjpbacau.ro\/index.php?rest_route=\/wp\/v2\/pages"}],"about":[{"href":"https:\/\/www.cjpbacau.ro\/index.php?rest_route=\/wp\/v2\/types\/page"}],"author":[{"embeddable":true,"href":"https:\/\/www.cjpbacau.ro\/index.php?rest_route=\/wp\/v2\/users\/1"}],"replies":[{"embeddable":true,"href":"https:\/\/www.cjpbacau.ro\/index.php?rest_route=%2Fwp%2Fv2%2Fcomments&post=1139"}],"version-history":[{"count":3,"href":"https:\/\/www.cjpbacau.ro\/index.php?rest_route=\/wp\/v2\/pages\/1139\/revisions"}],"predecessor-version":[{"id":3180,"href":"https:\/\/www.cjpbacau.ro\/index.php?rest_route=\/wp\/v2\/pages\/1139\/revisions\/3180"}],"wp:attachment":[{"href":"https:\/\/www.cjpbacau.ro\/index.php?rest_route=%2Fwp%2Fv2%2Fmedia&parent=1139"}],"curies":[{"name":"wp","href":"https:\/\/api.w.org\/{rel}","templated":true}]}}