{"id":2560,"date":"2015-12-11T14:01:55","date_gmt":"2015-12-11T12:01:55","guid":{"rendered":"http:\/\/www.cjpbacau.ro\/?page_id=2560"},"modified":"2015-12-11T14:01:55","modified_gmt":"2015-12-11T12:01:55","slug":"plata-ajutorului-anual-pentru-veteranii-de-razboi-vaduvele-de-razboi-si-accidentatii-de-razboi","status":"publish","type":"page","link":"https:\/\/www.cjpbacau.ro\/?page_id=2560","title":{"rendered":"Plata ajutorului anual pentru veteranii de razboi, vaduvele de razboi si accidentatii de razboi"},"content":{"rendered":"<p>Casa Na\u021bional\u0103 de Pensii Publice anun\u021b\u0103 plata, \u00een luna decembrie 2015, a ajutorului anual pentru veteranii de r\u0103zboi, v\u0103duvele de r\u0103zboi, precum \u015fi accidenta\u0163ii de r\u0103zboi.<\/p>\n<p>\u00cen conformitate cu prevederile art. 16, lit.g din Legea nr.44\/1994,\u00a0 veteranii de r\u0103zboi, v\u0103duvele de r\u0103zboi, precum \u015fi accidenta\u0163ii de r\u0103zboi \u00een afara serviciului ordonat care au suferit o infirmitate din cauza ac\u0163iunii mijloacelor de lupt\u0103 ale r\u0103zboiului, au dreptul la un ajutor anual pentru acoperirea unei p\u0103r\u0163i din costul chiriei, energiei termice \u0219i electrice pentru nevoi casnice.<\/p>\n<p>Acest ajutor se majoreaz\u0103 anual prin hot\u0103r\u00e2re de guvern. Anul acesta, \u00een temeiul <strong>HG nr. <\/strong><strong>951\/2015<\/strong>, cuantumul ajutorului cre\u0219te de la 300 lei la 335 lei pentru fiecare beneficiar.<\/p>\n<p>Pre\u0219edintele CNPP, doamna Ileana CIUTAN, precizeaz\u0103 c\u0103 aceste drepturi se achit\u0103 printr-un mandat separat de cel prin care se achit\u0103 indemniza\u021bia cuvenit\u0103 lunii decembrie.<\/p>\n<p>Biroul de pres\u0103<\/p>\n","protected":false},"excerpt":{"rendered":"<p>Casa Na\u021bional\u0103 de Pensii Publice anun\u021b\u0103 plata, \u00een luna decembrie 2015, a ajutorului anual pentru veteranii de r\u0103zboi, v\u0103duvele de r\u0103zboi, precum \u015fi accidenta\u0163ii de r\u0103zboi. \u00cen conformitate cu prevederile art. 16, lit.g din Legea nr.44\/1994,\u00a0 veteranii de r\u0103zboi, v\u0103duvele &hellip; <a href=\"https:\/\/www.cjpbacau.ro\/?page_id=2560\">Continue reading <span class=\"meta-nav\">&rarr;<\/span><\/a><\/p>\n","protected":false},"author":1,"featured_media":0,"parent":0,"menu_order":0,"comment_status":"closed","ping_status":"open","template":"sidebar-page.php","meta":{"vkexunit_cta_each_option":"","footnotes":""},"class_list":["post-2560","page","type-page","status-publish","hentry"],"_links":{"self":[{"href":"https:\/\/www.cjpbacau.ro\/index.php?rest_route=\/wp\/v2\/pages\/2560","targetHints":{"allow":["GET"]}}],"collection":[{"href":"https:\/\/www.cjpbacau.ro\/index.php?rest_route=\/wp\/v2\/pages"}],"about":[{"href":"https:\/\/www.cjpbacau.ro\/index.php?rest_route=\/wp\/v2\/types\/page"}],"author":[{"embeddable":true,"href":"https:\/\/www.cjpbacau.ro\/index.php?rest_route=\/wp\/v2\/users\/1"}],"replies":[{"embeddable":true,"href":"https:\/\/www.cjpbacau.ro\/index.php?rest_route=%2Fwp%2Fv2%2Fcomments&post=2560"}],"version-history":[{"count":2,"href":"https:\/\/www.cjpbacau.ro\/index.php?rest_route=\/wp\/v2\/pages\/2560\/revisions"}],"predecessor-version":[{"id":2562,"href":"https:\/\/www.cjpbacau.ro\/index.php?rest_route=\/wp\/v2\/pages\/2560\/revisions\/2562"}],"wp:attachment":[{"href":"https:\/\/www.cjpbacau.ro\/index.php?rest_route=%2Fwp%2Fv2%2Fmedia&parent=2560"}],"curies":[{"name":"wp","href":"https:\/\/api.w.org\/{rel}","templated":true}]}}