{"id":3172,"date":"2018-03-12T14:18:24","date_gmt":"2018-03-12T12:18:24","guid":{"rendered":"http:\/\/www.cjpbacau.ro\/?page_id=3172"},"modified":"2018-03-13T11:16:53","modified_gmt":"2018-03-13T09:16:53","slug":"documente-justificative-necesare-decontarii-indemnizatiei-pentru-incapacitate-temporara-de-munca-cauzata-de-accidente-de-munca-si-boli-profesionale","status":"publish","type":"page","link":"https:\/\/www.cjpbacau.ro\/?page_id=3172","title":{"rendered":"Precizari referitoare la recuperarea indemnizatiei pentru incapacitate temporara de munca cauzata de accidente de munca si boli profesionale; documente justificative necesare"},"content":{"rendered":"<p>Precizari referitoare la recuperarea indemnizatiei pentru incapacitate temporara de munca (cod 02, 03, 04) ca urmare a unui accident de munca sau boala profesionala in conformitate cu prevederile legii nr.346\/2002 republicata, privind asigurarea pentru accidente de munca si boli profesionale, modificata prin Ordonanta de Urgenta nr. 103\/2017.<\/p>\n<p>Documentele justificative necesare recuperarii indemnizatiei pentru incapacitate temporara de munca sunt urmatoarele:<\/p>\n<p>1. cerere privind solicitarea drepturilor, conform <a href=\"https:\/\/www.cjpbacau.ro\/wp-content\/uploads\/ambp\/Anexa_1.pdf\">anexa 1<\/a>;<\/p>\n<p>2. centralizator privind certificatele de concediu medical, conform <a href=\"https:\/\/www.cjpbacau.ro\/wp-content\/uploads\/ambp\/Anexa_2.pdf\">anexa 2<\/a>;<\/p>\n<p>3. adeverinta privind castigul brut realizat lunar, conform <a href=\"https:\/\/www.cjpbacau.ro\/wp-content\/uploads\/ambp\/Anexa_3.pdf\">anexa 3<\/a>;<\/p>\n<p>4. exemplarul 2 al concediului medical (exemplarul roz aferent lunii pentru care se solicita recuperarea), precum si cele cu valoare &#8216;0&#8217; de recuperat (C.M. initiale suportate doar de catre angajator);<\/p>\n<p>5. copii ale concediilor medicale completate cu codurile 02, 03 si 04 care au fost depuse la casele de asigurari de sanatate, dupa caz &#8211; (confom cu originalul);<\/p>\n<p>6. copii ale declaratiei D112, Anexa 1.1. , Anexa 1.2. aferente lunii in care se platesc veniturile\/indemnizatiile si recipisa cu validarea declaratiei D112 (conform cu originalul);<\/p>\n<p>7. delegatie\/imputernicire salariat pentru depunere documente; 8. copie C.I. \u2013 salariat \/ delegat.<\/p>\n<p>Indemnizatiile pot fi solicitate dupa depunerea si inregistrarea la C.J.P.Bacau a urmatoarelor documente:<\/p>\n<p>&#8211; pentru accidente de munc\u0103 &#8211; proces-verbal de cercetare a evenimentului, FIAM, copie dupa referatul de avizare emis de ITM, \u00eentocmite \u015fi\/sau avizate potrivit Legii securit\u0103\u0163ii \u015fi s\u0103n\u0103t\u0103\u0163ii \u00een munc\u0103 nr. 319\/2006, cu modific\u0103rile ulterioare;<\/p>\n<p>&#8211; pentru boli profesionale \u2013 fisa BP2, procesul verbal de cercetare, \u00eentocmite, potrivit legii, de autoritatea competent\u0103, respectiv direc\u0163ia de s\u0103n\u0103tate public\u0103 sau adeverinta de confirmare emisa de DSP pentru cazurile de boli profesionale confirmate anterior intrarii in vigoare a legii nr. 90\/1996.<\/p>\n","protected":false},"excerpt":{"rendered":"<p>Precizari referitoare la recuperarea indemnizatiei pentru incapacitate temporara de munca (cod 02, 03, 04) ca urmare a unui accident de munca sau boala profesionala in conformitate cu prevederile legii nr.346\/2002 republicata, privind asigurarea pentru accidente de munca si boli profesionale, &hellip; <a href=\"https:\/\/www.cjpbacau.ro\/?page_id=3172\">Continue reading <span class=\"meta-nav\">&rarr;<\/span><\/a><\/p>\n","protected":false},"author":1,"featured_media":0,"parent":0,"menu_order":0,"comment_status":"closed","ping_status":"open","template":"sidebar-page.php","meta":{"vkexunit_cta_each_option":"","footnotes":""},"class_list":["post-3172","page","type-page","status-publish","hentry"],"_links":{"self":[{"href":"https:\/\/www.cjpbacau.ro\/index.php?rest_route=\/wp\/v2\/pages\/3172","targetHints":{"allow":["GET"]}}],"collection":[{"href":"https:\/\/www.cjpbacau.ro\/index.php?rest_route=\/wp\/v2\/pages"}],"about":[{"href":"https:\/\/www.cjpbacau.ro\/index.php?rest_route=\/wp\/v2\/types\/page"}],"author":[{"embeddable":true,"href":"https:\/\/www.cjpbacau.ro\/index.php?rest_route=\/wp\/v2\/users\/1"}],"replies":[{"embeddable":true,"href":"https:\/\/www.cjpbacau.ro\/index.php?rest_route=%2Fwp%2Fv2%2Fcomments&post=3172"}],"version-history":[{"count":6,"href":"https:\/\/www.cjpbacau.ro\/index.php?rest_route=\/wp\/v2\/pages\/3172\/revisions"}],"predecessor-version":[{"id":3184,"href":"https:\/\/www.cjpbacau.ro\/index.php?rest_route=\/wp\/v2\/pages\/3172\/revisions\/3184"}],"wp:attachment":[{"href":"https:\/\/www.cjpbacau.ro\/index.php?rest_route=%2Fwp%2Fv2%2Fmedia&parent=3172"}],"curies":[{"name":"wp","href":"https:\/\/api.w.org\/{rel}","templated":true}]}}