{"id":3280,"date":"2018-05-29T14:30:00","date_gmt":"2018-05-29T12:30:00","guid":{"rendered":"http:\/\/www.cjpbacau.ro\/?page_id=3280"},"modified":"2018-08-10T11:48:38","modified_gmt":"2018-08-10T09:48:38","slug":"nota-de-informare-privind-prelucrarea-si-protectia-datelor-cu-caracter-personal","status":"publish","type":"page","link":"https:\/\/www.cjpbacau.ro\/?page_id=3280","title":{"rendered":"Nota de informare privind prelucrarea si protectia datelor cu caracter personal"},"content":{"rendered":"<p>Casa Nationala de Pensii Publice, lnstitutul National de Expertiza Medicala si Recuperare a Capacitatii de Munca (INEMRCM), respectiv casele teritoriale de pensii, in calitate de operatori de date cu caracter personal, ale caror coordonate se regasesc la finalul prezentei informari, va prelucreaza datele cu caracter personal, cu respectarea prevederilor Regulamentului (UE) 2016\/679 al Parlamentului European si al Consiliului din 27 aprilie\u00a0 2016 privind\u00a0 protectia\u00a0 persoanelor\u00a0 fizice in ceea ce prive te prelucrarea datelor cu caracter\u00a0 personal\u00a0 si\u00a0 privind libera circulatie a acestor date si de abrogare a Directivei 95\/46\/CE (Regulamentul general privind protectia datelor).<\/p>\n<p><strong>Cine este responsabil pentru datele dumneavoastr\u0103 cu caracter personal \u0219i cum \u00eel pute\u021bi contacta:<\/strong><\/p>\n<p>&#8211; CNPP, casele teritoriale de pensii, INEMRCM &#8211; operatori ai datelor dumneavoastr\u0103 cu caracter personal;<\/p>\n<p>&#8211; Pentru mai multe detalii pute\u021bi contacta:<\/p>\n<ul>\n<li>pentru CNPP \u2013 responsabilul cu protec\u021bia datelor la adresa de email dpo@cnpp.ro<\/li>\n<li>pentru casele teritoriale de pensii \u2013 responsabilul cu protec\u021bia datelor de la casa teritorial\u0103 de pensii competent\u0103 (dpo.cjpbacau@cnpp.ro pentru CJP Bacau)<\/li>\n<li>pentru INEMRCM &#8211; responsabilul cu protec\u021bia datelor la adresa de email dpo@inemrcm.ro<\/li>\n<\/ul>\n<p><strong>Scopul \u00een care sunt prelucrate datele personale<\/strong><\/p>\n<p>Scopul prelucr\u0103rii \u00eel constituie acordarea \u0219i plata, prin casele teritoriale de pensii, a presta\u021biilor solicitate de dumneavoastr\u0103 \u00een temeiul reglement\u0103rilor na\u021bionale \u0219i\u00a0 interna\u021bionale \u00een vigoare, \u00een domeniul asigur\u0103rilor \u0219i securit\u0103\u021bii sociale.<\/p>\n<p>De asemenea, institu\u021bia noastr\u0103 prelucreaz\u0103 datele dumneavoastr\u0103 cu caracter personal \u00een vederea stabilirii stagiului de cotizare \u00een sistemul public de pensii. Presta\u021biile solicitate de dumneavoastr\u0103 se acord\u0103 de c\u0103tre casele teritoriale de pensii \u00een baza cererii \u00eenregistrate, document care echivaleaz\u0103 cu exprimarea consim\u021b\u0103m\u00e2ntului \u00een mod expres \u0219i neechivoc pentru prelucrarea datelor cu caracter personal.<\/p>\n<p>Prestatiile solicitate de dumneavoastra se acorda de catre casele teritoriale de pensii 1n baza cererii 1nregistrate la institutia competenta din Romania sau din strainatate, document care echivaleaza cu exprimarea consimtamantului, in mod expres si neechivoc, pentru prelucrarea datelor cu caracter personal.<br \/>\nDeterminarea legislatiei de securitate sociala aplicabila in temeiul regulamentelor europene de coordonare a sistemelor de securitate sociala si al acordurilor bilaterale de securitate sociala la care Romania este parte are loc in baza cererii depuse de dvs. sau de angajatorul dvs. la institutia competenta din Romania sau din strainatate, document ce\u00a0 echivaleaza, de asemenea, cu exprimarea consimtamantului, in mod expres si neechivoc, pentru prelucrarea datelor cu caracter personal.<\/p>\n<p><strong>Date cu caracter personal prelucrate:<\/strong><\/p>\n<ul>\n<li>Nume, prenume<\/li>\n<li>Sex<\/li>\n<li>Codul numeric personal<\/li>\n<li>Data na\u0219terii<\/li>\n<li>Adresa de domiciliu<\/li>\n<li>Informa\u021bii bancare<\/li>\n<li>Informa\u021bii cu caracter medical<\/li>\n<li>Informa\u021bii privind perioadele de asigurare realizate la sistemele de pensii din Rom\u00e2nia sau din str\u0103in\u0103tate<\/li>\n<li>Functia, data angajarii si societatea angajatoare din tara sau din strainatate<\/li>\n<li>Informatii cu caracter financiar\/fiscal\/comercial<\/li>\n<\/ul>\n<p><strong>C\u00e2t timp p\u0103streaz\u0103 CNPP \u0219i casele teritoriale de pensii datele dumneavoastr\u0103 cu caracter personal<\/strong>: at\u00e2t timp c\u00e2t este necesar pentru \u00eendeplinirea scopurilor din prezenta Not\u0103 de informare, \u00een raport cu persoana dumneavoastr\u0103 sau pentru a asigura conformitatea cu obliga\u021biile legale, instituite \u00een sarcina noastr\u0103.<\/p>\n<p><strong>Din ce surse ob\u021bin CNPP \u0219i casele teritoriale de pensii datele dumneavoastr\u0103 cu caracter personal:<\/strong><\/p>\n<ul>\n<li>in mod direct, din cererile depuse de dumneavoastra in Romania privind acordarea si plata prestatiilor solicitate si din documentele atasate in acest scop<\/li>\n<li>in mod indirect, prin intermediul institutiilor corespondente din strainatate, ca urmare a cererilor depuse de dumneavoastra la respectivele institutii, privind acordarea si plata prestatiilor solicitate si a documentelor atasate in acest scop<\/li>\n<li>in mod direct, din cererile depuse sau transmise de dvs. sau de angajatorul dumneavoastra, la CNPP, in vederea determinarii legislatiei de securitate sociala aplicabila<\/li>\n<li>in mod indirect, prin intermediul institutiilor competente\u00a0 din\u00a0 strainatate, ca urmare a cererilor depuse de dumneavoastra sau de angajatorul dumneavoastra la respectivele institutii, in vederea determinarii legislatiei de securitate sociala aplicabila<\/li>\n<li>ca urmare a utilizarii de catre dumneavoastra a sistemelor noastre electronice<\/li>\n<li>ca urmare a comunicarilor trimise, conform legii, de catre dumneavoastra unor terti\u00a0 (ex.: institutii publice, institutii bancare, administrator\u00a0 fond privat de pensii)<\/li>\n<li>ca urmare a comunicarilor trimise institutiei noastre, conform legii, de catre terti (ex.: institutii publice, institutii bancare, angajatori, agenti economici, administratori fond privat de pensii).<\/li>\n<\/ul>\n<p><strong>Categoriile de destinatari ai datelor dumneavoastra cu caracter personal:<\/strong><\/p>\n<p><strong>Cui dezv\u0103luie CNPP \u0219i casele teritoriale de pensii, \u00een condi\u021biile legii, datele dumneavoastr\u0103 cu caracter personal:<\/strong><\/p>\n<ul>\n<li>c\u0103tre autorit\u0103\u021bi guvernamentale \u0219i judec\u0103tore\u0219ti \u0219i alte persoane juridice implicate \u00een proceduri legale;<\/li>\n<li>catre autoritati ale altor state, cu respectarea prevederilor regulamentelor europene de coordonare a sistemelor de securitate sociala si ale acordurilor bilaterale de securitate sociala la care Romania este parte;<\/li>\n<li>c\u0103tre organe de cercetare penal\u0103, autorit\u0103\u021bi fiscale, precum \u0219i c\u0103tre alte persoane juridice fa\u021b\u0103 de care dezv\u0103luirea este cerut\u0103 de lege;<\/li>\n<li>c\u0103tre persoane juridice cu competen\u021be, potrivit legii, \u00een derularea opera\u021biunilor referitoare la plata presta\u021biilor acordate de c\u0103tre casele teritoriale de pensii.<\/li>\n<\/ul>\n<p><strong>Drepturile dumneavoastr\u0103 \u00een calitate de persoana vizata<\/strong><\/p>\n<p><strong>Potrivit <strong>Regulamentului (UE) 2016\/679,\u00a0 <\/strong>aveti urmatoarele drepturi:<\/strong><\/p>\n<ul>\n<li>Dreptul de acces la date &#8211; dreptul de a obtine de la operator acces la informatiile prelucrate, scopul lor etc.<\/li>\n<li>Dreptul la rectificarea datelor &#8211; dreptul de a obtine de la operator rectificarea datelor cu caracter personal inexacte, incomplete care o privesc<\/li>\n<li>Dreptul la restrictionarea prelucrarii &#8211; dreptul de a obtine restrictionarea prelucrarii datelor de catre persoana vizata, in cazul in care datele sunt inexacte, in conditiile Regulamentului GDPR<\/li>\n<li>Dreptul de a depune o plangere la Autoritatea Nationala de Supraveghere a Prelucrarii Datelor cu Caracter Personal.<\/li>\n<\/ul>\n","protected":false},"excerpt":{"rendered":"<p>Casa Nationala de Pensii Publice, lnstitutul National de Expertiza Medicala si Recuperare a Capacitatii de Munca (INEMRCM), respectiv casele teritoriale de pensii, in calitate de operatori de date cu caracter personal, ale caror coordonate se regasesc la finalul prezentei informari, &hellip; <a href=\"https:\/\/www.cjpbacau.ro\/?page_id=3280\">Continue reading <span class=\"meta-nav\">&rarr;<\/span><\/a><\/p>\n","protected":false},"author":1,"featured_media":0,"parent":0,"menu_order":0,"comment_status":"closed","ping_status":"open","template":"sidebar-page.php","meta":{"vkexunit_cta_each_option":"","footnotes":""},"class_list":["post-3280","page","type-page","status-publish","hentry"],"_links":{"self":[{"href":"https:\/\/www.cjpbacau.ro\/index.php?rest_route=\/wp\/v2\/pages\/3280","targetHints":{"allow":["GET"]}}],"collection":[{"href":"https:\/\/www.cjpbacau.ro\/index.php?rest_route=\/wp\/v2\/pages"}],"about":[{"href":"https:\/\/www.cjpbacau.ro\/index.php?rest_route=\/wp\/v2\/types\/page"}],"author":[{"embeddable":true,"href":"https:\/\/www.cjpbacau.ro\/index.php?rest_route=\/wp\/v2\/users\/1"}],"replies":[{"embeddable":true,"href":"https:\/\/www.cjpbacau.ro\/index.php?rest_route=%2Fwp%2Fv2%2Fcomments&post=3280"}],"version-history":[{"count":5,"href":"https:\/\/www.cjpbacau.ro\/index.php?rest_route=\/wp\/v2\/pages\/3280\/revisions"}],"predecessor-version":[{"id":3378,"href":"https:\/\/www.cjpbacau.ro\/index.php?rest_route=\/wp\/v2\/pages\/3280\/revisions\/3378"}],"wp:attachment":[{"href":"https:\/\/www.cjpbacau.ro\/index.php?rest_route=%2Fwp%2Fv2%2Fmedia&parent=3280"}],"curies":[{"name":"wp","href":"https:\/\/api.w.org\/{rel}","templated":true}]}}