{"id":4083,"date":"2020-08-14T14:38:20","date_gmt":"2020-08-14T12:38:20","guid":{"rendered":"http:\/\/www.cjpbacau.ro\/?page_id=4083"},"modified":"2020-08-14T14:38:20","modified_gmt":"2020-08-14T12:38:20","slug":"procedura-privind-utilizarea-comunicarii-electronice-in-casa-nationala-de-pensii-publice-si-casele-teritoriale-de-pensii","status":"publish","type":"page","link":"https:\/\/www.cjpbacau.ro\/?page_id=4083","title":{"rendered":"Procedura  privind utilizarea comunic\u0103rii electronice \u00een casa na\u021bional\u0103 de pensii publice \u0219i casele teritoriale de pensii"},"content":{"rendered":"<p><strong>Comunicarea electronic\u0103<\/strong> \u00eentre beneficiarii sistemului public de pensii, ai sistemului de asigurare pentru accidente de munc\u0103 \u0219i boli profesionale \u0219i Casa Na\u021bional\u0103 de Pensii Publice (CNPP), respectiv casele teritoriale de pensii (CTP) \u00een vederea acord\u0103rii drepturilor pe care acestea le stabilesc \u0219i pl\u0103tesc se realizeaz\u0103 prin utilizarea uneia dintre urm\u0103toarele <strong>modalit\u0103\u021bi<\/strong>:<\/p>\n<p>&nbsp;<\/p>\n<ol>\n<li>Prin po\u0219ta electronic\u0103;<\/li>\n<li>Prin intermediul serviciilor electronice oferite de Portalul CNPP.<\/li>\n<\/ol>\n<p>&nbsp;<\/p>\n<p>Modelele de cereri, declara\u021bii, alte formulare, precum \u0219i lista de documente necesare acord\u0103rii drepturilor se afi\u0219eaz\u0103, \u00eentr-o sec\u021biune vizibil\u0103, distinct\u0103 de restul informa\u021biilor, \u00een pagina de internet a fiec\u0103rei institu\u021bii. (link)<\/p>\n<ol>\n<li><strong>Comunicarea prin <\/strong><strong>po\u0219ta electronic\u0103<\/strong><strong> <\/strong><\/li>\n<\/ol>\n<p>Solicitan\u0163ii care au acces la po\u0219ta electronic\u0103, respectiv e-mail, vor transmite solicitarea \u00een aten\u021bia casei de pensii c\u0103reia \u00eei sunt aronda\u021bi, la adresele specificate pe site-ul institu\u021biei \u00een cauz\u0103.<\/p>\n<p>\u00cen acest sens, solicitantul:<\/p>\n<ul>\n<li>descarc\u0103 formularele necesare;<\/li>\n<li>completeaz\u0103 formularele;<\/li>\n<li>semneaz\u0103 olograf formularele;<\/li>\n<li>transmite formularele c\u0103tre institu\u021bia responsabil\u0103, \u00een format: .JPEG, .JPG, .PNG, .XML, .CMS sau .PDF;<\/li>\n<li>transmite \u00een acela\u0219i e-mail \u0219i num\u0103rul de telefon la care poate fi contactat.<\/li>\n<\/ul>\n<p>&nbsp;<\/p>\n<p><strong>Tipurile de presta<\/strong><strong>\u021b<\/strong><strong>ii care pot fi solicitate prin intermediul po<\/strong><strong>\u0219<\/strong><strong>tei electronice<\/strong>:<\/p>\n<p>\u00fc\u00a0 recalculare pensie;<\/p>\n<p>\u00fc\u00a0 schimbare nume\/adres\u0103\/modalitate de plat\u0103;<\/p>\n<p>\u00fc\u00a0 ajutor de deces;<\/p>\n<p>\u00fc\u00a0 drepturi cuvenite \u0219i ne\u00eencasate;<\/p>\n<p>\u00fc\u00a0 suspendare\/reluare plat\u0103 drepturi;<\/p>\n<p>\u00fc\u00a0 transfer al drepturilor de la o cas\u0103 teritorial\u0103 de pensii la alta;<\/p>\n<p>\u00fc\u00a0 transmitere buletin de calcul al pensiei \u0219i datele care au stat la baza stabilirii pensiei;<\/p>\n<p>\u00fc\u00a0 bilete de tratament balnear;<\/p>\n<p>\u00fc\u00a0 desp\u0103gubiri \u00een caz de deces;<\/p>\n<p>\u00fc\u00a0 indemniza\u0163ie pentru incapacitate temporar\u0103 de munc\u0103;<\/p>\n<p>\u00fc\u00a0 rambursarea cheltuielilor ocazionate de achizi\u021bionarea aparatelor acustice, \u00een situa\u0163ia \u00een care acestea sunt necesare sau au fost deteriorate ca urmare a unui accident de munc\u0103 sau a unei boli profesionale<\/p>\n<p>\u00fc\u00a0 rambursarea cheltuielilor ocazionate de confec\u0163ionarea ochelarilor, \u00een situa\u0163ia \u00een care acestea sunt necesare sau au fost deteriorate ca urmare a unui accident de munc\u0103 sau a unei boli profesionale<\/p>\n<p>\u00fc\u00a0 rambursarea cheltuielilor ocazionate de confec\u0163ionarea protezelor oculare, \u00een situa\u0163ia \u00een care acestea sunt necesare sau au fost deteriorate ca urmare a unui accident de munc\u0103 sau a unei boli profesionale<\/p>\n<p>\u00fc\u00a0 rambursarea cheltuielilor ocazionate de transportul de urgen\u0163\u0103, \u00een cazuri temeinic justificate, c\u00e2nd salvarea victimei unui accident de munc\u0103 impune utilizarea altor mijloace dec\u00e2t cele uzuale<\/p>\n<p>\u00fc\u00a0 rambursarea de cheltuieli ocazionate de transportul necesar pentru repatriere \u00een cazul decesului unui lucr\u0103tor asigurat, ca urmare a unui accident de munc\u0103 sau boal\u0103 profesional\u0103<\/p>\n<p>\u00fc\u00a0 acordarea de presta\u0163ii \u00een natur\u0103 \u00een baza documentului portabil DA1\/formularului E123.<\/p>\n<p>&nbsp;<\/p>\n<p>!!!!\u00a0\u00a0\u00a0\u00a0 \u00cen cazul solicit\u0103rilor adresate prin intermediul po\u0219tei electronice, \u00eenscrisul\/decizia\/documentul final care atest\u0103 solu\u021bionarea cererilor nu vor fi comunicate prin e-mail, ci se va utiliza transmiterea prin po\u0219t\u0103 sau procedura program\u0103rii prealabile.<\/p>\n<ol>\n<li>\u00a0<strong>Comunicarea prin intermediul serviciilor electronice oferite de Portalul CNPP se poate realiza sub dou\u0103 forme<\/strong>:<\/li>\n<li>\u00cen cazul solicitan\u021bilor care \u0219i-au creat cont pe portal se acceseaz\u0103 sec\u021biunea \u201e<em>Completare formulare\u201d <\/em>\u0219i se selecteaz\u0103 tipul de cerere dorit;<\/li>\n<li>\u00cen cazul solicitan\u021bilor care nu \u0219i-au creat cont pe portal:<\/li>\n<\/ol>\n<ul>\n<li>Solicitanul acceseaz\u0103 Portalul CNPP \u00een sectiunea \u201dComunicare cu publicul\u201d \u2013 <em>Depunere cereri \u0219i documente<\/em>;<\/li>\n<li>Selecteaz\u0103 tipul de cerere dorit \u0219i completeaz\u0103 formularul;<\/li>\n<li>Formularele necesare se descarc\u0103, se completeaz\u0103 \u0219i se semneaz\u0103 olograf, apoi vor fi \u00eenc\u0103rcate \u00een format JPEG, JPG,PNG,XML, CMS sau PDF;<\/li>\n<\/ul>\n<p>&nbsp;<\/p>\n<p>Procedura de ob\u021binere a unui cont online este detaliat\u0103 \u00een sec\u021biunea \u201d <span style=\"text-decoration: underline;\">De ce s<\/span><span style=\"text-decoration: underline;\">\u0103<\/span><strong><span style=\"text-decoration: underline;\">\u00ee<\/span><\/strong><span style=\"text-decoration: underline;\">mi fac cont<\/span><span style=\"text-decoration: underline;\">?\u201d<\/span>,<strong> <\/strong>din Portal.<\/p>\n<p>Pentru crearea unui cont online vizitatorii trebuie s\u0103 citeasc\u0103 descrierea fluxului de creare utilizator \u015fi s\u0103 \u00ee\u015fi exprime acordul pentru condi\u0163iile de utilizare a portalului CNPP. Acordul este considerat a fi asumat prin introducerea datelor specifice cererii de creare cont.<\/p>\n<p>Acest flux este necesar pentru men\u021binerea integrit\u0103\u021bii datelor personale proprii. Acordul utiliz\u0103rii datelor personale este dat prin introducerea datelor personale \u0219i semnarea olograf\u0103 a acestei cereri.<\/p>\n<p>Conform cerin\u021belor Regulamentului UE 679\/2016 pentru protec\u021bia persoanelor cu privire la prelucrarea datelor cu caracter personal \u0219i libera circula\u021bie a acestor date, \u00een calitate de institu\u021bie public\u0103 de interes na\u021bional, organ de specialitate al administra\u0163iei publice centrale care administreaz\u0103 sistemul public de pensii \u015fi sistemul de asigurare pentru accidente de munc\u0103 \u015fi boli profesionale \u015fi care acord\u0103 persoanelor asigurate pensii \u015fi alte presta\u0163ii de asigur\u0103ri sociale, <strong>Casa Na\u021bional\u0103 de Pensii Publice CNPP are responsabilitatea de a administra \u00een condi\u021bii de siguran\u021b\u0103 \u0219i numai pentru scopurile prev\u0103zute de lege, datele furnizate de dumneavoastr\u0103.<\/strong><\/p>\n<p><strong>Tipurile de presta<\/strong><strong>\u021b<\/strong><strong>ii care pot fi solicitate prin intermediul serviciilor electronice oferite de Portalul CNPP<\/strong>:<\/p>\n<ul>\n<li>Toate tipurile de presta\u021bii care sunt acordate de casele teritoriale de pensii;<\/li>\n<\/ul>\n<p>&nbsp;<\/p>\n<ul>\n<li>Servicii electronice pe zona de eviden\u021b\u0103 contribuabili:<\/li>\n<\/ul>\n<p>&#8211;\u00a0\u00a0\u00a0\u00a0\u00a0\u00a0\u00a0\u00a0\u00a0\u00a0\u00a0\u00a0\u00a0\u00a0\u00a0\u00a0\u00a0\u00a0\u00a0\u00a0\u00a0\u00a0\u00a0\u00a0 Eviden\u021ba contractelor de asigurare social\u0103;<\/p>\n<p>&#8211;\u00a0\u00a0\u00a0\u00a0\u00a0\u00a0\u00a0\u00a0\u00a0\u00a0\u00a0\u00a0\u00a0\u00a0\u00a0\u00a0\u00a0\u00a0\u00a0\u00a0\u00a0\u00a0\u00a0\u00a0 Eviden\u021ba declara\u021biilor de asigurare social\u0103;<\/p>\n<p>&#8211;\u00a0\u00a0\u00a0\u00a0\u00a0\u00a0\u00a0\u00a0\u00a0\u00a0\u00a0\u00a0\u00a0\u00a0\u00a0\u00a0\u00a0\u00a0\u00a0\u00a0\u00a0\u00a0\u00a0\u00a0 Eviden\u021ba declara\u021biilor nominale A11 \u0219i A12\/D112;<\/p>\n<p>&#8211;\u00a0\u00a0\u00a0 Vizualizarea informa\u021biilor centralizate referitoare la: istoricul carierei de asigurat, stagii de cotizare, viramente Pilonul II;<\/p>\n<p>&nbsp;<\/p>\n<ul>\n<li>Solu\u021bionarea cererilor persoanelor fizice \u0219i juridice care se adreseaz\u0103 CNPP \u00een vederea emiterii formularelor privind atestarea legisla\u021biei aplicabile (formularele A1, respectiv certificate de atestare a legisla\u021biei aplicabile \u00eentocmite \u00een baza acordurilor bilaterale de securitate social\u0103 la care Rom\u00e2nia este);<\/li>\n<li>Solu\u021bionarea cererilor executorilor judec\u0103tore\u0219ti care se adreseaz\u0103 CNPP \u00een vederea ob\u021binerii informa\u021biilor despre debitori &#8211; persoane fizice;<\/li>\n<li>Solu\u021bionarea cererilor persoanelor juridice care solicit\u0103 presta\u021bii din sistemul de asigurare pentru accidente de munc\u0103 \u0219i boli profesionale:<\/li>\n<\/ul>\n<p>&#8211; \u00a0desp\u0103gubiri \u00een caz de deces;<\/p>\n<p>&#8211; rambursarea cheltuielilor ocazionate de transportul de urgen\u0163\u0103, \u00een cazuri temeinic<\/p>\n<p>justificate, c\u00e2nd salvarea victimei unui accident de munc\u0103 impune utilizarea altor<\/p>\n<p>mijloace dec\u00e2t cele uzuale;<\/p>\n<p>&#8211; rambursarea de cheltuieli ocazionate de transportul necesar pentru repatriere \u00een<\/p>\n<p>cazul decesului unui lucr\u0103tor asigurat, ca urmare a unui accident de munc\u0103 sau<\/p>\n<p>boal\u0103 profesional\u0103;<\/p>\n<p>&#8211; indemniza\u021bia pentru incapacitate temporar\u0103 de munc\u0103;<\/p>\n<p>&#8211; indemniza\u0163ia pentru reducerea timpului de munc\u0103\u00a0;<\/p>\n<p>&#8211; indemniza\u0163ia pentru trecerea temporar\u0103 \u00een alt loc de munc\u0103.<\/p>\n<p>&nbsp;<\/p>\n<p><strong>Reguli comune pentru utilizarea comunic\u0103rii electronice <\/strong><\/p>\n<p>v Pentru transmiterea cererilor \u0219i\/sau documentelor, solicitantul \u00ee\u0219i exprim\u0103 acordul \u00een cadrul comunic\u0103rii electronice referitor la derularea, prin intermediul serviciului electronic on-line, a \u00eentregului proces pentru ob\u021binerea dreptului solicitat, inclusiv asupra transmiterii cererii\/formularului \u0219i documentelor \u2013 anex\u0103\u00a0 p\u00e2n\u0103 la primirea \u00eenscrisului \/deciziei\/documentul final care atest\u0103 aprobarea dreptului solicitat;<\/p>\n<p>v \u00cen urma complet\u0103rii formularului cu datele necesare, solicitantul va primi automat, pe adresa de e-mail indicat\u0103, confirmarea depunerii cererii;<\/p>\n<p>v Dup\u0103 verificarea formal\u0103 de c\u0103tre angajatul institu\u021biei a elementelor comunic\u0103rii electronice \u0219i \u00eenregistrarea solicit\u0103rii \u00een registratura institu\u021biei, acesta va transmite num\u0103rul de \u00eenregistrare \u0219i numele fi\u0219ierelor ata\u0219ate recep\u021bionate;<\/p>\n<p>v Intervalul de procesare a cererilor depuse prin comunicare electronic\u0103 coincide cu orarul zilelor lucr\u0103toare ale institu\u021biilor, iar \u00een situa\u021bia \u00een care cererea este depus\u0103 \u00een afara acestui interval, ea se proceseaz\u0103 \u00een urm\u0103toarea zi lucr\u0103toare<\/p>\n<p>v Prezen\u021ba fizic\u0103 a solicitantului este necesar\u0103 pentru identificare, la finalul procedurii, \u00een vederea depunerii documentelor originale sau a primirii deciziei de stabilire a drepturilor, dup\u0103 caz.<\/p>\n<p>v \u00cen cazul \u00een care \u00eenscrisul\/decizia\/documentul final care atest\u0103 solu\u021bionarea cererilor nu a putut fi predat personal solicitantului de c\u0103tre reprezentantul institu\u021biei, acestea pot fi transmise \u2013 la cererea ulterioar\u0103 a solicitantului &#8211; \u0219i prin po\u0219t\u0103, prin po\u0219t\u0103 electronic\u0103 cu semn\u0103tur\u0103 calificat\u0103 sau se poate ridica de la sediul institu\u021biei, \u00een urma unei program\u0103ri prealabile;<\/p>\n<p>&nbsp;<\/p>\n<p><strong>Reguli specifice<\/strong><\/p>\n<p>v \u00cen cazul \u00een care solicitantul dispune de o semn\u0103tur\u0103 electronic\u0103 calificat\u0103 sau stabilit\u0103 de institu\u021bia public\u0103 implicat\u0103 conform art.5 alin. (2) din OUG nr.38\/2020 privind utilizarea \u00eenscrisurilor sub form\u0103 electronic\u0103 la nivelul autorit\u0103\u021bilor \u0219i institu\u021biilor publice, acesta o poate folosi \u00een locul semn\u0103turii olografe \u0219i \u00een locul prezen\u021bei fizice, pentru asumarea documentelor necesare nemaifiind necesar\u0103 deplasarea la sediul institu\u021biei (CNPP sau CTP). Institu\u021biile au obliga\u021bia s\u0103 utilizeze semn\u0103tura electronic\u0103 calificat\u0103 sau s\u0103 aplice un sigiliu calificat, asigur\u00e2nd accesul angaja\u021bilor la acestea. Documentele transmise prin semn\u0103tur\u0103 calificat\u0103 pot fi transmise \u00een format .PDF, .XML sau .CMS.<\/p>\n<p>v \u00cen cazul solicit\u0103rilor adresate sub semn\u0103tura electronic\u0103 calificat\u0103, \u00eenscrisul\/decizia\/documentul final care atest\u0103 solu\u021bionarea cererilor pot fi comunicate prin e-mail sau pot fi desc\u0103rcate din contul deschis pe PORTAL.<\/p>\n<p>v \u00cen cazul \u00een care solicitarea de creare a contului on-line pentru o persoan\u0103 fizic\u0103 sau juridic\u0103 se face prin mandatar\u00a0 sau prin reprezentant legal, dup\u0103 caz, acesta are obliga\u021bia de a furniza\u00a0 datele proprii de identificare, actul de identitate \u0219i documentul care atest\u0103 calitatea de reprezentant legal sau mandatar.<\/p>\n<p>&nbsp;<\/p>\n<p>v\u00a0\u00a0\u00a0 <strong>Procedura program\u0103rii prealabile<\/strong><\/p>\n<p>Dup\u0103 \u00eenregistrarea \u0219i analizarea cererii \u0219i a documentelor anexate, institu\u021bia solicit\u0103, \u00een termen de cel mult 5 zile lucr\u0103toare de la \u00eenregistrarea acestora, completarea setului de documente \u00een urm\u0103toarele <strong>cazuri excep\u021bionale<\/strong>:<\/p>\n<p>a)\u00a0\u00a0\u00a0\u00a0\u00a0\u00a0\u00a0\u00a0\u00a0\u00a0 identificarea unor inadverten\u021be \u00eentre informa\u021biile din documentele transmise \u0219i cele din bazele de date ale altor institu\u021bii la care autoritatea administra\u021biei publice centrale sau locale ce asigur\u0103 acordarea dreptului are acces pentru verificarea \u00eendeplinirii de c\u0103tre solicitan\u021bi a criteriilor de acordare a drepturilor;<\/p>\n<p>b)\u00a0\u00a0\u00a0\u00a0\u00a0\u00a0\u00a0\u00a0\u00a0\u00a0 situa\u021biile \u00een care informa\u021biile din documentele\u00a0 transmise sunt incomplete, nu sunt lizibile sau dac\u0103 pe baza acestora nu se poate determina \u00eendeplinirea condi\u021biilor de eligibilitate;<\/p>\n<p>c)\u00a0\u00a0\u00a0\u00a0\u00a0\u00a0\u00a0\u00a0\u00a0\u00a0 prezentarea unor documente, \u00een original \u00een conformitate cu legisla\u021bia specific\u0103 \u0219i normele de aplicare a acesteia.<\/p>\n<p>Personalul cu atribu\u021bii de \u00eenregistrare a solicit\u0103rilor, din dispozi\u021bia compartimentelor de specialitate, comunic\u0103 solicitantului ziua, ora \u0219i loca\u021bia la care s\u0103 se prezinte pentru a avea loc interac\u021biunea \u00een scopul complet\u0103rii documenta\u021biei;<strong><\/strong><\/p>\n<p>Comunicarea se realizeaz\u0103 electronic, prin adresa de e-mail de la care s-a primit solicitarea sau telefonic, dac\u0103 a fost indicat un num\u0103r de contact;<\/p>\n<p>Institu\u021biile organizeaz\u0103 preluarea distinct\u0103 a solicitan\u021bilor cu programare prealabil\u0103, \u00eentr-un loc special amenajat.<\/p>\n<p>\u00cen cadrul interac\u021biunii, personalul cu atribu\u021bii specifice:<\/p>\n<p>\u00fc\u00a0\u00a0\u00a0 va proceda la identificarea persoanei;<\/p>\n<p>\u00fc\u00a0\u00a0\u00a0 va prelua documentele solicitate \u0219i le va \u00eenregistra, conex\u00e2ndu &#8211; le la cererea ini\u021bial\u0103;<\/p>\n<p>\u00fc\u00a0\u00a0\u00a0 va prelua originalul documentelor, acolo unde este cazul \u0219i le va \u00eenregistra, conex\u00e2ndu &#8211; le la cererea ini\u021bial\u0103;<\/p>\n<p>\u00cen situa\u021bia \u00een care se va apela la procedura program\u0103rii prealabile, nu va mai fi nevoie de prezen\u021ba fizic\u0103 a solicitantului pentru identificare, la finalul procedurii. <strong><\/strong><\/p>\n","protected":false},"excerpt":{"rendered":"<p>Comunicarea electronic\u0103 \u00eentre beneficiarii sistemului public de pensii, ai sistemului de asigurare pentru accidente de munc\u0103 \u0219i boli profesionale \u0219i Casa Na\u021bional\u0103 de Pensii Publice (CNPP), respectiv casele teritoriale de pensii (CTP) \u00een vederea acord\u0103rii drepturilor pe care acestea le &hellip; <a href=\"https:\/\/www.cjpbacau.ro\/?page_id=4083\">Continue reading <span class=\"meta-nav\">&rarr;<\/span><\/a><\/p>\n","protected":false},"author":1,"featured_media":0,"parent":0,"menu_order":0,"comment_status":"closed","ping_status":"open","template":"","meta":{"vkexunit_cta_each_option":"","footnotes":""},"class_list":["post-4083","page","type-page","status-publish","hentry"],"_links":{"self":[{"href":"https:\/\/www.cjpbacau.ro\/index.php?rest_route=\/wp\/v2\/pages\/4083","targetHints":{"allow":["GET"]}}],"collection":[{"href":"https:\/\/www.cjpbacau.ro\/index.php?rest_route=\/wp\/v2\/pages"}],"about":[{"href":"https:\/\/www.cjpbacau.ro\/index.php?rest_route=\/wp\/v2\/types\/page"}],"author":[{"embeddable":true,"href":"https:\/\/www.cjpbacau.ro\/index.php?rest_route=\/wp\/v2\/users\/1"}],"replies":[{"embeddable":true,"href":"https:\/\/www.cjpbacau.ro\/index.php?rest_route=%2Fwp%2Fv2%2Fcomments&post=4083"}],"version-history":[{"count":1,"href":"https:\/\/www.cjpbacau.ro\/index.php?rest_route=\/wp\/v2\/pages\/4083\/revisions"}],"predecessor-version":[{"id":4084,"href":"https:\/\/www.cjpbacau.ro\/index.php?rest_route=\/wp\/v2\/pages\/4083\/revisions\/4084"}],"wp:attachment":[{"href":"https:\/\/www.cjpbacau.ro\/index.php?rest_route=%2Fwp%2Fv2%2Fmedia&parent=4083"}],"curies":[{"name":"wp","href":"https:\/\/api.w.org\/{rel}","templated":true}]}}