{"id":4539,"date":"2022-01-13T12:47:23","date_gmt":"2022-01-13T10:47:23","guid":{"rendered":"http:\/\/www.cjpbacau.ro\/?page_id=4539"},"modified":"2022-01-13T12:47:23","modified_gmt":"2022-01-13T10:47:23","slug":"precizari","status":"publish","type":"page","link":"https:\/\/www.cjpbacau.ro\/?page_id=4539","title":{"rendered":"Preciz\u0103ri"},"content":{"rendered":"<p align=\"center\"><strong>\u00cen aten\u021bia persoanelor care doresc s\u0103 solicite transmiterea \u00een contul on-line deschis \u00een<\/strong><\/p>\n<p align=\"center\"><strong>Portalul CNPP sau pe e-mail, a documentului de informare<\/strong><\/p>\n<p align=\"center\"><strong>cu privire la sumele pl\u0103tite prin intermediul caselor teritoriale de pensii<\/strong><\/p>\n<p align=\"center\"><strong>\u00een cont curent sau \u00een cont de card<\/strong><\/p>\n<p align=\"left\">\n<p>Realizarea acestei modalit\u0103\u021bi de transmitere impune actualizarea sistemului informatic al CNPP astfel \u00eenc\u00e2t s\u0103 se asigure at\u00e2t siguran\u021ba dumneavoastr\u0103 online, c\u00e2t \u0219i respectarea cerin\u021belor legale. \u00a0Astfel:<\/p>\n<ul>\n<li>deoarece identitatea fiec\u0103ruia dintre dumneavoastr\u0103 este UNIC\u0102 \u0219i de NEPRE\u021aUIT,\u00a0<em><span style=\"text-decoration: underline;\">este necesar\u0103 efectuarea valid\u0103rii identit\u0103\u021bii persoanei c\u0103tre care sunt transmise datele cu caracter personal con\u021binute \u00een documentul de informare online<\/span>, astfel \u00eenc\u00e2t s\u0103 fie respectate prevederile RegulamentuluI nr. 679 din 27 aprilie 2016 privind protec\u0163ia persoanelor fizice \u00een ceea ce prive\u015fte prelucrarea datelor cu caracter personal \u015fi privind libera circula\u0163ie a acestor date \u015fi de abrogare a Directivei 95\/46\/CE (Regulamentul general privind protec\u0163ia datelor);<\/em><\/li>\n<\/ul>\n<ul>\n<li>deoarece pentru accesarea de c\u0103tre dumneavoastr\u0103 a unor servicii oferite de alte institu\u021bii\/ societ\u0103\u021bi\/ autorit\u0103\u021bi publice documentul de informare online trebuie s\u0103 poat\u0103 produce efecte juridice identice cu documentul de informare cu privire la sumele pl\u0103tite beneficiarilor sistemului public de pensii \u0219i s\u0103 fie acceptat ca document valid \u00een rela\u0163ia cu acestea,\u00a0<em><span style=\"text-decoration: underline;\">este necesar\u0103 verificarea autenticit\u0103\u021bii documentului de informare online<\/span>;<\/em><\/li>\n<\/ul>\n<ul>\n<li>deoarece \u00eentr-o er\u0103 a digitaliz\u0103rii, arhivarea electronic\u0103 reprezint\u0103 r\u0103spunsul firesc la nevoile dumneavoastr\u0103,\u00a0<em><span style=\"text-decoration: underline;\">este necesar\u0103 arhivarea documentelor de informare online transmise, cu respectarea prevederilor legale, respectiv conform prevederilor\u00a0<\/span><\/em><em><span style=\"text-decoration: underline;\">&lt;LLNK 11996\u00a0\u00a0\u00a0 16 11 201\u00a0\u00a0 0 50&gt;<\/span><\/em><em><span style=\"text-decoration: underline;\">Legii Arhivelor Na\u0163ionale nr. 16\/1996, republicat\u0103, \u00een condi\u021biile tehnice stabilite de Legea nr.135\/2007 privind arhivarea documentelor \u00een form\u0103 electronic\u0103, republicat\u0103<\/span><\/em>.<\/li>\n<\/ul>\n<p>Pentru c\u0103 ne dorim s\u0103 fi\u021bi corect informa\u021bi \u0219i s\u0103 beneficia\u021bi de serviciile online oferite de CNPP, v\u0103 prezent\u0103m c\u00e2teva aspecte care se reg\u0103sesc \u00een\u00a0<strong>procedura de transmitere online a documentului de informare<\/strong>:<\/p>\n<p><strong>Persoanele care doresc transmiterea online a documentului de informare trebuie s\u0103 de\u021bin\u0103 un cont \u00een Portalul CNPP.<\/strong><\/p>\n<p>\u00cen cazul persoanelor care de\u021bin cont:<\/p>\n<ul>\n<li>procedura prevede utilizarea unei cereri tip care se descarc\u0103, se completeaz\u0103, se semneaz\u0103 \u0219i se transmite prin Portal, acces\u00e2nd sec\u021biunea &#8220;<em>Depunere cereri \u0219i documente&#8221;<\/em>\u00a0din cadrul domeniului &#8220;<em>Comunicare cu publicul&#8221;<\/em>.<\/li>\n<\/ul>\n<p>Pentru transmiterea documentului de informare prin func\u021bionalitatea ce va fi introdus\u0103 \u00een PORTAL, cererea\u00a0<strong>va fi<\/strong>\u00a0adaugat\u0103 \u00een PORTAL numai prin contul dvs. personal.<\/p>\n<p>\u00cen cazul persoanelor care nu au cont \u00een Portalul CNPP:<\/p>\n<ul>\n<li>primul pas necesar a fi efectuat este de a ob\u021bine un cont online \u00een Portalul CNPP, urm\u00e2nd pa\u0219ii prev\u0103zu\u021bi de &#8220;<strong>Procedura de ob\u021binere cont on-line&#8221;<\/strong>\u00a0afi\u0219at\u0103 pe site-ul CNPP, \u00een fereastra\u00a0<em>&#8220;De ce s\u0103 \u00eemi fac cont?<\/em>&#8220;.<\/li>\n<\/ul>\n<p><span style=\"text-decoration: underline;\">PRECIZ\u0102RI:<\/span><\/p>\n<ul>\n<li>\u00een situa\u021bia \u00een care se opteaz\u0103 pentru transmiterea pe e-mail a documentului de informare, acest lucru se va putea realiza prin accesarea unui link de c\u0103tre solicitant. Acest link \u00eel ve\u021bi primi pe adresa de e-mail comunicat\u0103 de dvs. la deschiderea contului \u00een Portalul CNPP.<\/li>\n<\/ul>\n<ul>\n<li>pe Portalul CNPP se va crea o sec\u021biune unde institu\u021biile\/societ\u0103\u021bile\/autorit\u0103\u021bile publice pot verifica autenticitatea documentului de informare.<\/li>\n<\/ul>\n<p>\u0218tim c\u0103 timpul dumneavoastr\u0103 este pre\u021bios. \u00a0De aceea, p\u00e2n\u0103 la finalizarea unor activit\u0103\u021bi legate de acest serviciu online oferit de CNPP, recomand\u0103m tuturor persoanelor interesate s\u0103-\u0219i deschid\u0103 contul \u00een Portalul CNPP.<\/p>\n<p><span style=\"text-decoration: underline;\">Modelul de cerere care trebuie completat pentru transmiterea \u00een contul on-line sau pe e-mail a documentului de informare este ata\u0219at acestui material.<\/span><\/p>\n<p><strong><a href=\"https:\/\/www.cnpp.ro\/documents\/10180\/6884707\/Model%20cerere%20document%20de%20informare\"><span style=\"text-decoration: underline;\">Model de cerere<\/span><\/a><\/strong><\/p>\n","protected":false},"excerpt":{"rendered":"<p>\u00cen aten\u021bia persoanelor care doresc s\u0103 solicite transmiterea \u00een contul on-line deschis \u00een Portalul CNPP sau pe e-mail, a documentului de informare cu privire la sumele pl\u0103tite prin intermediul caselor teritoriale de pensii \u00een cont curent sau \u00een cont de &hellip; <a href=\"https:\/\/www.cjpbacau.ro\/?page_id=4539\">Continue reading <span class=\"meta-nav\">&rarr;<\/span><\/a><\/p>\n","protected":false},"author":1,"featured_media":0,"parent":0,"menu_order":0,"comment_status":"closed","ping_status":"open","template":"","meta":{"vkexunit_cta_each_option":"","footnotes":""},"class_list":["post-4539","page","type-page","status-publish","hentry"],"_links":{"self":[{"href":"https:\/\/www.cjpbacau.ro\/index.php?rest_route=\/wp\/v2\/pages\/4539","targetHints":{"allow":["GET"]}}],"collection":[{"href":"https:\/\/www.cjpbacau.ro\/index.php?rest_route=\/wp\/v2\/pages"}],"about":[{"href":"https:\/\/www.cjpbacau.ro\/index.php?rest_route=\/wp\/v2\/types\/page"}],"author":[{"embeddable":true,"href":"https:\/\/www.cjpbacau.ro\/index.php?rest_route=\/wp\/v2\/users\/1"}],"replies":[{"embeddable":true,"href":"https:\/\/www.cjpbacau.ro\/index.php?rest_route=%2Fwp%2Fv2%2Fcomments&post=4539"}],"version-history":[{"count":3,"href":"https:\/\/www.cjpbacau.ro\/index.php?rest_route=\/wp\/v2\/pages\/4539\/revisions"}],"predecessor-version":[{"id":4542,"href":"https:\/\/www.cjpbacau.ro\/index.php?rest_route=\/wp\/v2\/pages\/4539\/revisions\/4542"}],"wp:attachment":[{"href":"https:\/\/www.cjpbacau.ro\/index.php?rest_route=%2Fwp%2Fv2%2Fmedia&parent=4539"}],"curies":[{"name":"wp","href":"https:\/\/api.w.org\/{rel}","templated":true}]}}