{"id":5855,"date":"2023-10-18T09:20:29","date_gmt":"2023-10-18T07:20:29","guid":{"rendered":"http:\/\/www.cjpbacau.ro\/?page_id=5855"},"modified":"2026-04-17T09:11:34","modified_gmt":"2026-04-17T07:11:34","slug":"solicitari-informatii-de-interes-public","status":"publish","type":"page","link":"https:\/\/www.cjpbacau.ro\/?page_id=5855","title":{"rendered":"Solicitari\u00a0informatii de interes public"},"content":{"rendered":"\n<p>\u00a0Solicitarea informatiilor de interes public, altele dec\u00e2t cele prevazute sa fie comunicate din oficiu, va fi adresata Casei Judetene de Pensii Bacau, verbal persoanei responsabile cu difuzarea informatiilor publice sau \u00een scris pe suport de h\u00e2rtie sau pe suport electronic e-mail comunicare.cjpbacau@cnpp.ro, \u00een conditiile art. 6 din\u00a0<a href=\"https:\/\/www.cjpbacau.ro\/wp-content\/uploads\/2012\/03\/legea544.htm\">Legea nr. 544\/2001 privind accesul la informatiile de interes public<\/a>, conform formularului de Cerere-Tip (<a href=\"https:\/\/www.cjpbacau.ro\/wp-content\/uploads\/comunicare\/41-formular-solicitare-Lg.-544.pdf\">model cerere<\/a>). Termenele pentru comunicarea \u00een scris a unui raspuns la cerere (model) a solicitantilor de informatii de interes public sunt cele prevazute de Legea nr. 544\/2001, si anume:<\/p>\n\n\n\n<ul class=\"wp-block-list\">\n<li>10 zile lucratoare pentru comunicarea informatiei de interes public solicitate, daca aceasta a fost identificata \u00een acest termen;<\/li>\n\n\n\n<li>10 zile lucratoare pentru anuntarea solicitantului ca termenul initial prevazut la lit. a) nu a fost suficient pentru identificarea informatiei solicitate;<\/li>\n\n\n\n<li>30 de zile lucratoare pentru comunicarea informatiei de interes public identificate peste termenul prevazut la lit. a);<\/li>\n\n\n\n<li>5 zile lucratoare pentru transmiterea refuzului de comunicare a informatiei solicitate si a motivarii refuzului.<\/li>\n<\/ul>\n\n\n\n<p>Se excepteaza de la accesul liber al cetatenilor, urmatoarele informatii:<\/p>\n\n\n\n<ul class=\"wp-block-list\">\n<li>informatiile din domeniul apararii nationale, sigurantei si ordinii publice, daca fac parte din categoriile informatiilor clasificate, potrivit legii;<\/li>\n\n\n\n<li>informatiile privind deliberarile autoritatilor, precum si cele care privesc interesele economice si politice ale Rom\u00e2niei, daca fac parte din categoria informatiilor clasificate, potrivit legii;<\/li>\n\n\n\n<li>informatiile privind activitatile comerciale sau financiare, daca publicitatea acestora aduce atingere principiului concurentei loiale, potrivit legii;<\/li>\n\n\n\n<li>informatiile cu privire la datele personale, potrivit legii;<\/li>\n\n\n\n<li>informatiile privind procedura \u00een timpul anchetei penale sau disciplinare, daca se pericliteaza rezultatul anchetei, se dezvaluie surse confidentiale ori se pun \u00een pericol viata, integritatea corporala, sanatatea unei persoane \u00een urma anchetei efectuate sau \u00een curs de desfasurare;<\/li>\n\n\n\n<li>informatiile privind procedurile judiciare, daca publicitatea acestora aduce atingere asigurarii unui proces echitabil ori interesului legitim al oricareia dintre partile implicate \u00een proces;<\/li>\n\n\n\n<li>informatiile a caror publicare prejudiciaza masurile de protectie a tinerilor.<\/li>\n<\/ul>\n\n\n\n<p>Norme de metodologice de aplicare a Legii 544\/2001 privind liberul acces la informatiile de interes public &#8211;&nbsp;<a href=\"http:\/\/legislatie.just.ro\/Public\/DetaliiDocument\/34416\">H.G. 123\/2002<\/a><br>&nbsp;<\/p>\n\n\n\n<p><strong>Persoana responsabila<\/strong>&nbsp;cu primirea solicitarilor \u00een baza Legii 544\/2001 :<\/p>\n\n\n\n<p><strong><em>Dima Alina<\/em><\/strong><\/p>\n\n\n\n<p>Serviciul comunicare si relatii publice<\/p>\n\n\n\n<p>Tel: 0234&nbsp;511366 int. 122, tasta 1<\/p>\n\n\n\n<p>e-mail:&nbsp;<a href=\"mailto:alina.dima@cnpp.ro\">alina.dima@cnpp.ro<\/a><\/p>\n\n\n\n<p><strong>Formular pentru solicitare \u00een baza Legii 544\/2001<\/strong><\/p>\n\n\n\n<p>Formular reclamatie administrativa&nbsp;<a href=\"https:\/\/www.cjpbacau.ro\/wp-content\/uploads\/comunicare\/41-reclamatie-administrativa.pdf\">(modele)<\/a><br>Cerere pentru accesul la informatii de interes public (<a href=\"https:\/\/www.cjpbacau.ro\/wp-content\/uploads\/comunicare\/41-formular-solicitare-Lg.-544.pdf\">model cerere<\/a>)<\/p>\n\n\n\n<p><strong>Modalitatea de contestare a deciziei<\/strong><\/p>\n\n\n\n<p>Conform&nbsp;<a href=\"http:\/\/legislatie.just.ro\/Public\/DetaliiDocument\/34416\">H.G. nr.123\/2002&nbsp;<\/a>pentru aprobarea Normelor de aplicare a Legii nr.544\/2001 privind liberul acces la informatiile de interes public<\/p>\n\n\n\n<p>ART. 32<\/p>\n\n\n\n<p>\u00cen cazul \u00een care o persoana considera ca dreptul privind accesul la informatiile de interes public a fost \u00eencalcat, aceasta se poate adresa cu reclamatie administrativa (model 1 sau model 2) conducatorului autoritatii sau institutiei publice careia i-a fost solicitata informatia.<\/p>\n\n\n\n<p>ART. 33<\/p>\n\n\n\n<p>Persoana care se considera vatamata \u00een drepturile sale poate depune reclamatia administrativa prevazuta la art. 32 \u00een termen de 30 de zile de la luarea la cunostinta a refuzului explicit sau tacit al angajatilor din cadrul autoritatii sau institutiei publice pentru aplicarea prevederilor Legii nr. 544\/2001 si ale prezentelor norme metodologice.<\/p>\n\n\n\n<p>ART. 34<\/p>\n\n\n\n<p>\u00cen cazul \u00een care reclamatia se dovedeste \u00eentemeiata, raspunsul la aceasta se transmite solicitantului care se considera lezat \u00een termen de 15 zile de la depunerea reclamatiei administrative. Acest raspuns va contine informatiile de interes public solicitate initial si, de asemenea, va mentiona sanctiunile disciplinare aplicate \u00een cazul functionarului vinovat, \u00een conditiile legii.<\/p>\n\n\n\n<p>ART. 36<\/p>\n\n\n\n<p>(1) Solicitantul care, dupa primirea raspunsului la reclamatia administrativa (model), se considera \u00een continuare lezat \u00een drepturile sale prevazute de lege, poate face pl\u00e2ngere la sectia de contencios administrativ a tribunalului, \u00een termen de 30 de zile de la expirarea termenelor prevazute la art. 7 din Legea nr. 544\/2001.<\/p>\n\n\n\n<p>ART. 22 din Legea nr. 544\/2001 privind liberul acces la informatiile de interes public<\/p>\n\n\n\n<p>(2) Instanta poate obliga autoritatea sau institutia publica sa furnizeze informatiile de interes public solicitate si sa plateasca daune morale si\/sau patrimoniale.<\/p>\n\n\n\n<p>(3) Hotar\u00e2rea tribunalului este supusa recursului.<\/p>\n\n\n\n<p>(4) Decizia Curtii de apel este definitiva si irevocabila.<\/p>\n\n\n\n<p>Art. 36 alin (2) din H.G.123\/2002<\/p>\n\n\n\n<p>Scutirea de taxa de timbru pentru pl\u00e2ngerea la tribunal si recursul la curtea de apel nu include si scutirea de la plata serviciilor de copiere a informatiilor de interes public solicitate.<\/p>\n\n\n\n<p><strong>Lista cu documentele de interes public<\/strong><\/p>\n\n\n\n<ol class=\"wp-block-list\" type=\"1\" start=\"1\">\n<li>Acte normative care reglementeaza organizarea si functionarea Institutiei<\/li>\n\n\n\n<li>Structura organizatorica, atributiile compartimentelor institutiei, programul de functionare si programul de audiente;<\/li>\n\n\n\n<li>Numele si prenumele persoanelor din conducerea Institutiei, precum si ale responsabililor cu difuzarea informatiilor publice;<\/li>\n\n\n\n<li>Coordonatele de contact ale institutiei, respectiv: denumirea, sediul, numerele de telefon, fax, adresa de e-mail si adresa paginii de Internet;<\/li>\n\n\n\n<li>Programele si strategiile proprii \u00een domeniul administratiei publice<\/li>\n\n\n\n<li>Raportul anual cu privire la activitatea Institutiei;<\/li>\n\n\n\n<li>Regulamentul de organizare si functionare al Institutiei;<\/li>\n\n\n\n<li>Regulamentul intern al Casei Judetene de Pensii Bacau;<\/li>\n\n\n\n<li>Bugetul de venituri si cheltuieli al institutiei si bilantul contabil;<\/li>\n\n\n\n<li>Comunicate de presa, buletine informative, documentare de presa, brosuri, pliante, afise, ghiduri, privind activitatile institutiei;<\/li>\n\n\n\n<li>Materiale prezentate \u00een cadrul conferintelor de presa si declaratii de presa;<\/li>\n\n\n\n<li>Declaratii de avere;<\/li>\n\n\n\n<li>Documente necesare desfasurarii concursurilor pentru ocuparea posturilor vacante;<\/li>\n\n\n\n<li>Informatii privind organizarea licitatiilor la nivelul Institutiei, conform legislatiei \u00een vigoare;<\/li>\n\n\n\n<li>Prelucrari statistice proprii din sistemul de pensii si alte drepturi de asigurari sociale<\/li>\n\n\n\n<li>Lista societatilor comerciale din turism cu care CNPP are \u00eencheiate contracte de prestari servicii pentru eliberarea biletelor de tratament balnear<\/li>\n<\/ol>\n\n\n\n<p><a href=\"https:\/\/www.cjpbacau.ro\/wp-content\/uploads\/comunicare\/listadoc1.pdf\" target=\"_blank\" rel=\"noreferrer noopener\">Lista cu documente produse si\/sau gestionate<\/a><\/p>\n\n\n\n<p><a href=\"https:\/\/www.cjpbacau.ro\/wp-content\/uploads\/interes public\/raport evaluare 544 2025.pdf\" target=\"_blank\" rel=\"noreferrer noopener\">Raport de evaluare&nbsp;<\/a>a implemetarii Legii 544\/2001 \u00een anul 2025<\/p>\n\n\n\n<p><strong><u>Buletinul informativ al informatiilor de interes public<\/u><\/strong>&nbsp;Conform art. 5 (2) din Legea nr. 544\/2001, autoritatile si institutiile publice au obligatia sa publice si sa actualizeze anual un buletin informativ care va cuprinde informatiile de interes public. Ne dorim ca acest buletin informativ sa constitie o sursa reala de informare pentru toate persoanele interesate.<\/p>\n\n\n\n<p>Art. 5<\/p>\n\n\n\n<p>(1) Fiecare autoritate sau institutie publica are obligatia sa comunice din oficiu urmatoarele informatii de interes public:<\/p>\n\n\n\n<p>a)&nbsp;<a href=\"https:\/\/www.cjpbacau.ro\/?page_id=376\">actele normative<\/a>&nbsp;care reglementeaza organizarea si functionarea autoritatii sau institutiei publice;<\/p>\n\n\n\n<p>b) structura organizatorica, atributiile compartimentelor, programul de functionare si programul de audiente:\u00a0<a href=\"https:\/\/www.cjpbacau.ro\/wp-content\/uploads\/Organizare\/Organigrama.pdf\">organigrama institutiei<\/a>\u00a0,\u00a0<a href=\"https:\/\/www.cjpbacau.ro\/wp-content\/uploads\/resurse%20umane\/Regulamente\/ROF%20CJP%20BACAU.pdf\">regulamentul de organizare si functionare<\/a>\u00a0,\u00a0<a href=\"https:\/\/www.cjpbacau.ro\/?page_id=269\">programul de functionare,\u00a0<\/a><a href=\"https:\/\/www.cjpbacau.ro\/?page_id=3476\">programul de audiente.<\/a><\/p>\n\n\n\n<p>c)&nbsp;<a href=\"https:\/\/www.cjpbacau.ro\/?page_id=4071\">numele si prenumele persoanelor<\/a>&nbsp;din conducerea autoritatii sau a institutiei publice&nbsp;s ale functionarului responsabil cu difuzarea informatiilor publice:<\/p>\n\n\n\n<p>d)&nbsp;<a href=\"https:\/\/www.cjpbacau.ro\/?page_id=240\">coordonatele de contact<\/a>&nbsp;ale autoritatii sau institutiei publice, respectiv: denumirea, sediul, numerele de telefon, fax, adresa de e-mail si adresa paginii de Internet;<\/p>\n\n\n\n<p>e) sursele financiare:&nbsp;<a href=\"https:\/\/www.cjpbacau.ro\/wp-content\/uploads\/plati\/prevederi_bugetare_2017.pdf\">buget: 2017<\/a><\/p>\n\n\n\n<p>f) programe si strategii proprii<\/p>\n\n\n\n<p>g) lista cuprinzand documentele de interes public<\/p>\n\n\n\n<p>h)&nbsp;<a href=\"https:\/\/www.cjpbacau.ro\/wp-content\/uploads\/comunicare\/listadoc1.pdf\">lista cuprinzand categoriile de documente produse si\/sau gestionate<\/a>, potrivit legii;<\/p>\n\n\n\n<p>i) modalitatile de contestare a deciziei autoritatii sau a institutiei publice \u00een situatia \u00een care persoana se considera vatamata \u00een privinta dreptului de acces la informatiile de interes public.<\/p>\n","protected":false},"excerpt":{"rendered":"<p>\u00a0Solicitarea informatiilor de interes public, altele dec\u00e2t cele prevazute sa fie comunicate din oficiu, va fi adresata Casei Judetene de Pensii Bacau, verbal persoanei responsabile cu difuzarea informatiilor publice sau \u00een scris pe suport de h\u00e2rtie sau pe suport electronic &hellip; <a href=\"https:\/\/www.cjpbacau.ro\/?page_id=5855\">Continue reading <span class=\"meta-nav\">&rarr;<\/span><\/a><\/p>\n","protected":false},"author":1,"featured_media":0,"parent":0,"menu_order":0,"comment_status":"closed","ping_status":"closed","template":"","meta":{"vkexunit_cta_each_option":"","footnotes":""},"class_list":["post-5855","page","type-page","status-publish","hentry"],"_links":{"self":[{"href":"https:\/\/www.cjpbacau.ro\/index.php?rest_route=\/wp\/v2\/pages\/5855","targetHints":{"allow":["GET"]}}],"collection":[{"href":"https:\/\/www.cjpbacau.ro\/index.php?rest_route=\/wp\/v2\/pages"}],"about":[{"href":"https:\/\/www.cjpbacau.ro\/index.php?rest_route=\/wp\/v2\/types\/page"}],"author":[{"embeddable":true,"href":"https:\/\/www.cjpbacau.ro\/index.php?rest_route=\/wp\/v2\/users\/1"}],"replies":[{"embeddable":true,"href":"https:\/\/www.cjpbacau.ro\/index.php?rest_route=%2Fwp%2Fv2%2Fcomments&post=5855"}],"version-history":[{"count":4,"href":"https:\/\/www.cjpbacau.ro\/index.php?rest_route=\/wp\/v2\/pages\/5855\/revisions"}],"predecessor-version":[{"id":6869,"href":"https:\/\/www.cjpbacau.ro\/index.php?rest_route=\/wp\/v2\/pages\/5855\/revisions\/6869"}],"wp:attachment":[{"href":"https:\/\/www.cjpbacau.ro\/index.php?rest_route=%2Fwp%2Fv2%2Fmedia&parent=5855"}],"curies":[{"name":"wp","href":"https:\/\/api.w.org\/{rel}","templated":true}]}}